{"id":433,"date":"2017-07-14T18:08:42","date_gmt":"2017-07-14T18:08:42","guid":{"rendered":"http:\/\/riveirapeixefresco.com\/?page_id=433"},"modified":"2017-07-14T18:16:11","modified_gmt":"2017-07-14T18:16:11","slug":"bacaladilla-micromesistius-poutassou","status":"publish","type":"page","link":"https:\/\/riveirapeixefresco.com\/?page_id=433","title":{"rendered":"Bacaladilla (Micromesistius poutassou)"},"content":{"rendered":"<p>La bacaladilla, tambi\u00e9n conocida con el nombre de lirio, maire o perlita, pertenece a la familia de los G\u00e1didos, la misma que el bacalao. Su talla es, sin embargo, inferior, su carne posee una textura suave y un sabor agradable.<\/p>\n<h2><strong>H\u00e1bitat<\/strong><\/h2>\n<p>Las bacaladillas son peces gregarios, como las anchoas o las sardinas, y viven en las costas ba\u00f1adas por el oc\u00e9ano Atl\u00e1ntico a profundidades considerables de entre 100 y 3.000 metros, aunque es muy com\u00fan encontrar bancos de peces a 200 \u00f3 400 metros de profundidad. Tambi\u00e9n pueden pescarse en el mar del Norte. En el caso de la costa espa\u00f1ola, se hallan en el mar Mediterr\u00e1neo y en el Cant\u00e1brico, sobre todo en Galicia y Asturias.<\/p>\n<h2><strong>Caracter\u00edsticas<\/strong><\/h2>\n<ul>\n<li><strong>Forma:<\/strong>\u00a0Posee un cuerpo fuerte y fusiforme. Su cabeza es grande y con forma triangular<\/li>\n<li><strong>Color:\u00a0<\/strong>Gris azulado en la parte dorsal y blanquecino en la ventral (zona del vientre).<\/li>\n<li><strong>Longitud y peso:<\/strong>\u00a0Puede alcanzar los 50 cent\u00edmetros de largo, aunque lo m\u00e1s frecuente es que mida de 15 a 25 cm. Su peso medio ronda los 70-100 gramos. Las hembras son de mayor tama\u00f1o que los machos.<\/li>\n<li><strong>Alimentaci\u00f3n:<\/strong>\u00a0Se alimenta de peque\u00f1os crust\u00e1ceos. Cuando aumenta de tama\u00f1o come tambi\u00e9n peces peque\u00f1os y cefal\u00f3podos.<\/li>\n<\/ul>\n<p>&nbsp;<\/p>\n<h2><strong>Propiedades nutritivas<\/strong><\/h2>\n<p>La bacaladilla se encuentra dentro del grupo de los pescados blancos debido a su bajo contenido graso -100 gramos de porci\u00f3n comestible de bacaladilla contienen 0,7 gramos de grasa-. Su contenido nutritivo medio coincide tanto en cantidad como en calidad con la mayor\u00eda de pescados blancos. Destaca por ser buena fuente de prote\u00ednas de alto valor biol\u00f3gico, as\u00ed como de diferentes minerales entre los que se encuentran el yodo, mineral indispensable para el buen funcionamiento de la gl\u00e1ndula tiroidea que regula numerosas funciones metab\u00f3licas, el crecimiento del feto y el desarrollo de su cerebro. El magnesio es uno de los minerales que sobresale en la composici\u00f3n nutritiva de la bacaladilla, aunque su contenido es medio comparado con el resto de pescados. Este mineral est\u00e1 relacionado con el funcionamiento del intestino, los nervios y los m\u00fasculos, y adem\u00e1s forma parte de huesos y dientes, mejora la inmunidad y posee un suave efecto laxante. El zinc es otro de los minerales presentes en la carne de la bacaladilla. Este nutriente participa en la actividad de numerosas enzimas, por lo que interviene en el metabolismo de grasas, prote\u00ednas e hidratos de carbono. Adem\u00e1s, colabora en el desarrollo y crecimiento de los \u00f3rganos sexuales y es necesario para el buen funcionamiento del gusto y el olfato.<\/p>\n<p>La bacaladilla posee diferentes vitaminas, en particular las que pertenecen al grupo B, entre las que destacan las vitaminas B1, B3, B9 y B12, aunque su contenido es poco relevante si se compara con otros alimentos ricos en estos nutrientes (cereales integrales, legumbres, verduras de hoja verde, carnes en general), excepto la vitamina B12, presente de forma exclusiva en alimentos de origen animal. Estas vitaminas, salvo la B12, permiten el aprovechamiento de los nutrientes energ\u00e9ticos (carbohidratos, grasas y prote\u00ednas). Todas intervienen en numerosos procesos de gran importancia funcional (formaci\u00f3n de gl\u00f3bulos rojos, s\u00edntesis de material gen\u00e9tico, funcionamiento del sistema nervioso, etc.).<\/p>\n<p>&nbsp;<\/p>\n<h2><strong>Tabla de informaci\u00f3n nutricional de bacaladilla<\/strong><\/h2>\n<p>A continuaci\u00f3n se muestra una tabla con el resumen de los principales nutrientes de la bacaladilla (valores por 100 g):<\/p>\n<p>&nbsp;<\/p>\n<table width=\"547\">\n<tbody>\n<tr>\n<td width=\"316\">\n<p><strong>Valor Energ\u00e9tico<\/strong><\/p>\n<\/td>\n<td width=\"231\">\n<p><strong>90 kcal (376.56kJ)<\/strong><\/p>\n<\/td>\n<\/tr>\n<tr>\n<td width=\"316\">\n<p><strong>Grasas<\/strong><\/p>\n<\/td>\n<td width=\"231\">\n<p><strong>1,3 g<\/strong><\/p>\n<\/td>\n<\/tr>\n<tr>\n<td width=\"316\">\n<p><strong>\u00c1cidos grasos saturados<\/strong><\/p>\n<\/td>\n<td width=\"231\">\n<p><strong>0,20 g<\/strong><\/p>\n<\/td>\n<\/tr>\n<tr>\n<td width=\"316\">\n<p><strong>Hidratos de Carbono<\/strong><\/p>\n<\/td>\n<td width=\"231\">\n<p><strong>&lt;1 g<\/strong><\/p>\n<\/td>\n<\/tr>\n<tr>\n<td width=\"316\">\n<p><strong>Az\u00facares<\/strong><\/p>\n<\/td>\n<td width=\"231\">\n<p><strong>&lt;1 g<\/strong><\/p>\n<\/td>\n<\/tr>\n<tr>\n<td width=\"316\">\n<p><strong>Prote\u00ednas<\/strong><\/p>\n<\/td>\n<td width=\"231\">\n<p><strong>18,3 g<\/strong><\/p>\n<\/td>\n<\/tr>\n<tr>\n<td width=\"316\">\n<p><strong>Sal<\/strong><\/p>\n<\/td>\n<td width=\"231\">\n<p><strong>0,12 g<\/strong><\/p>\n<\/td>\n<\/tr>\n<\/tbody>\n<\/table>\n<p>&nbsp;<\/p>\n<p>Fuente: GU\u00cdA DE LAS CUALIDADES NUTRICIONALES DE LOS PRODUCTOS PROCEDENTES DE LA PESCA EXTRACTIVA Y DE LA ACUICULTURA: BINOMIO BENEFICIO-RIESGO. Ministerio de Agricultura, Alimentaci\u00f3n y Medio Ambiente. 2012<\/p>\n","protected":false},"excerpt":{"rendered":"<p>La bacaladilla, tambi\u00e9n conocida con el nombre de lirio, maire o perlita, pertenece a la familia de los G\u00e1didos, la misma que el bacalao. Su talla es, sin embargo, inferior, <a class=\"more-link\" href=\"https:\/\/riveirapeixefresco.com\/?page_id=433\">Seguir leyendo &rarr;<\/a><\/p>\n","protected":false},"author":3,"featured_media":427,"parent":0,"menu_order":0,"comment_status":"closed","ping_status":"closed","template":"","meta":{"footnotes":""},"class_list":["post-433","page","type-page","status-publish","has-post-thumbnail","hentry"],"_links":{"self":[{"href":"https:\/\/riveirapeixefresco.com\/index.php?rest_route=\/wp\/v2\/pages\/433","targetHints":{"allow":["GET"]}}],"collection":[{"href":"https:\/\/riveirapeixefresco.com\/index.php?rest_route=\/wp\/v2\/pages"}],"about":[{"href":"https:\/\/riveirapeixefresco.com\/index.php?rest_route=\/wp\/v2\/types\/page"}],"author":[{"embeddable":true,"href":"https:\/\/riveirapeixefresco.com\/index.php?rest_route=\/wp\/v2\/users\/3"}],"replies":[{"embeddable":true,"href":"https:\/\/riveirapeixefresco.com\/index.php?rest_route=%2Fwp%2Fv2%2Fcomments&post=433"}],"version-history":[{"count":1,"href":"https:\/\/riveirapeixefresco.com\/index.php?rest_route=\/wp\/v2\/pages\/433\/revisions"}],"predecessor-version":[{"id":434,"href":"https:\/\/riveirapeixefresco.com\/index.php?rest_route=\/wp\/v2\/pages\/433\/revisions\/434"}],"wp:featuredmedia":[{"embeddable":true,"href":"https:\/\/riveirapeixefresco.com\/index.php?rest_route=\/wp\/v2\/media\/427"}],"wp:attachment":[{"href":"https:\/\/riveirapeixefresco.com\/index.php?rest_route=%2Fwp%2Fv2%2Fmedia&parent=433"}],"curies":[{"name":"wp","href":"https:\/\/api.w.org\/{rel}","templated":true}]}}